{"id":1538,"date":"2025-04-03T20:58:46","date_gmt":"2025-04-03T20:58:46","guid":{"rendered":"https:\/\/urban.mcadvertising.net\/politica-de-privacidad\/"},"modified":"2025-10-06T09:46:56","modified_gmt":"2025-10-06T09:46:56","slug":"politica-de-privacidad","status":"publish","type":"page","link":"https:\/\/mcurban.net\/es\/politica-de-privacidad\/","title":{"rendered":"Pol\u00edtica de Privacidad"},"content":{"rendered":"\r\n<p><strong>Informaci\u00f3n general<\/strong><br \/>Esta Pol\u00edtica de Privacidad y de Cookies es aplicable a todos los datos de car\u00e1cter personal que t\u00fa, como usuario (se entiende por usuario toda persona f\u00edsica que acceda al sitio web), nos proporciones a PUBLICITAT MONTSENY SL cuando accedes a <a href=\"https:\/\/www.urban.mcadvertising.net\/\">https:\/\/www.urban.mcadvertising.net<\/a>, en adelante la \u201cWeb\u201d.<\/p>\r\n<p>El objetivo de esta Pol\u00edtica de Privacidad y de Cookies es ofrecerte informaci\u00f3n sobre el uso que hacemos de los datos personales que tratamos de los usuarios, as\u00ed como facilitarte informaci\u00f3n sobre los derechos que te asisten de acuerdo con el Reglamento General de Protecci\u00f3n de Datos y la Ley Org\u00e1nica de Protecci\u00f3n de Datos y Garant\u00eda de los Derechos Digitales.<\/p>\r\n<p><strong>\u00bfQui\u00e9n es el responsable?<\/strong><br \/>El responsable del tratamiento de los datos personales recogidos a trav\u00e9s de la Web es PUBLICITAT MONTSENY SL, con n\u00famero de CIF B58650813 y domicilio social en Carrer Costa d\u2019en Paratge, 22, Baixos, 08500 Vic, Barcelona, Espa\u00f1a.<\/p>\r\n<p>Puedes contactar con el Delegado de Protecci\u00f3n de Datos en la direcci\u00f3n de correo electr\u00f3nico <a href=\"mailto:info@mcadvertising.net\">info@mcadvertising.net<\/a> o por tel\u00e9fono en el 938 85 20 19 para realizar todas las consultas o solicitar la informaci\u00f3n que necesites sobre el tratamiento de los datos de car\u00e1cter personal de los usuarios.<\/p>\r\n<p>Los datos de car\u00e1cter personal que recojamos ser\u00e1n tratados de forma confidencial y quedar\u00e1n incorporados a nuestro Registro de Actividades de Tratamiento.<\/p>\r\n<p><strong>\u00bfPara qu\u00e9 te pedimos los datos?<\/strong><\/p>\r\n<table>\r\n<thead>\r\n<tr>\r\n<th>Finalidad<\/th>\r\n<th>Descripci\u00f3n<\/th>\r\n<th>Datos<\/th>\r\n<\/tr>\r\n<\/thead>\r\n<tbody>\r\n<tr>\r\n<td>Formulario de solicitud de presupuesto<\/td>\r\n<td>Poder atender la solicitud de un presupuesto personalizado a las necesidades del usuario.<\/td>\r\n<td>Tel\u00e9fono, Correo electr\u00f3nico, Nombre y\/o apellidos<\/td>\r\n<\/tr>\r\n<tr>\r\n<td>Publicidad masiva a potenciales clientes<\/td>\r\n<td>El elevado n\u00famero de sujetos afectados, la diversidad de datos o aspectos tratados, la duraci\u00f3n en el tiempo, el volumen de datos, la extensi\u00f3n geogr\u00e1fica, la exhaustividad sobre la persona, la frecuencia de recogida, etc.<\/td>\r\n<td>\u2014<\/td>\r\n<\/tr>\r\n<tr>\r\n<td>Tratamiento de datos personales de menores<\/td>\r\n<td>Menores de 14 a\u00f1os: el consentimiento para la utilizaci\u00f3n de sus datos personales lo otorgar\u00e1n sus padres o tutores legales. Menores entre 14 y 18 a\u00f1os: podr\u00e1n otorgar el consentimiento por s\u00ed mismos, salvo disposici\u00f3n legal.<\/td>\r\n<td>\u2014<\/td>\r\n<\/tr>\r\n<\/tbody>\r\n<\/table>\r\n<p>&nbsp;<\/p>\r\n<p><strong>\u00bfCu\u00e1l es nuestra legitimaci\u00f3n para el tratamiento de datos?<\/strong><br \/>Nuestra base de legitimaci\u00f3n para el tratamiento de los datos de car\u00e1cter personal es la siguiente:<\/p>\r\n<ul>\r\n<li>\r\n<p>El consentimiento: si has otorgado el consentimiento expreso al marcar la casilla correspondiente.<\/p>\r\n<\/li>\r\n<li>\r\n<p>La ejecuci\u00f3n de un contrato: si existe una relaci\u00f3n contractual con PUBLICITAT MONTSENY SL.<\/p>\r\n<\/li>\r\n<li>\r\n<p>El cumplimiento de una obligaci\u00f3n legal.<\/p>\r\n<\/li>\r\n<li>\r\n<p>El inter\u00e9s leg\u00edtimo: siempre que no prevalezcan los derechos fundamentales del usuario.<\/p>\r\n<\/li>\r\n<\/ul>\r\n<p><strong>\u00bfDurante cu\u00e1nto tiempo conservaremos tus datos?<\/strong><br \/>Los datos personales se conservar\u00e1n durante el tiempo necesario para cumplir la finalidad para la que fueron recogidos.<\/p>\r\n<p>Una vez finalizada dicha finalidad, mantendremos los datos durante el tiempo estrictamente necesario para responder a posibles responsabilidades legales derivadas del tratamiento.<\/p>\r\n<p><strong>\u00bfCompartimos tus datos con terceros?<\/strong><br \/>S\u00ed, para cumplir con las finalidades descritas, podremos compartir tus datos con:<\/p>\r\n<ul>\r\n<li>\r\n<p>Otras empresas del grupo<\/p>\r\n<\/li>\r\n<li>\r\n<p>Proveedores de servicios tecnol\u00f3gicos y anal\u00edticos<\/p>\r\n<\/li>\r\n<li>\r\n<p>Proveedores de servicios administrativos<\/p>\r\n<\/li>\r\n<li>\r\n<p>Servicios de atenci\u00f3n al cliente<\/p>\r\n<\/li>\r\n<li>\r\n<p>Entidades financieras y pasarelas de pago<\/p>\r\n<\/li>\r\n<\/ul>\r\n<p>En caso de transferencia internacional de datos fuera de la UE\/EEE, aplicaremos las garant\u00edas adecuadas, incluidas las Cl\u00e1usulas Contractuales Est\u00e1ndar de la Comisi\u00f3n Europea. Puedes solicitar m\u00e1s informaci\u00f3n escribiendo a <a href=\"mailto:info@mcadvertising.net\">info@mcadvertising.net<\/a>.<\/p>\r\n<p><strong>\u00bfCu\u00e1les son tus derechos?<\/strong><br \/>Tienes derecho a:<\/p>\r\n<ul>\r\n<li>\r\n<p>Acceder a tus datos<\/p>\r\n<\/li>\r\n<li>\r\n<p>Solicitar la rectificaci\u00f3n o supresi\u00f3n<\/p>\r\n<\/li>\r\n<li>\r\n<p>Oponerte al tratamiento<\/p>\r\n<\/li>\r\n<li>\r\n<p>Solicitar la portabilidad<\/p>\r\n<\/li>\r\n<li>\r\n<p>Limitar el tratamiento<\/p>\r\n<\/li>\r\n<li>\r\n<p>No ser objeto de decisiones automatizadas<\/p>\r\n<\/li>\r\n<\/ul>\r\n<p data-start=\"151\" data-end=\"316\">Para ejercer estos derechos, env\u00eda un correo a <strong data-start=\"198\" data-end=\"224\"><a class=\"decorated-link cursor-pointer\" rel=\"noopener\" data-start=\"200\" data-end=\"222\">info@mcadvertising.net<\/a><\/strong> con copia de tu documento de identidad. Tambi\u00e9n puedes utilizar los formularios de la AEPD:<\/p>\r\n<ul data-start=\"318\" data-end=\"1755\">\r\n<li data-start=\"318\" data-end=\"501\">\r\n<p data-start=\"320\" data-end=\"501\"><strong data-start=\"320\" data-end=\"342\">Derecho de acceso:<\/strong> <a class=\"decorated-link cursor-pointer\" target=\"_new\" rel=\"noopener\" data-start=\"343\" data-end=\"499\">https:\/\/www.aepd.es\/derechos-y-deberes\/conoce-tus-derechos\/derecho-de-acceso<\/a><\/p>\r\n<\/li>\r\n<li data-start=\"502\" data-end=\"695\">\r\n<p data-start=\"504\" data-end=\"695\"><strong data-start=\"504\" data-end=\"522\">Rectificaci\u00f3n:<\/strong> <a class=\"decorated-link cursor-pointer\" target=\"_new\" rel=\"noopener\" data-start=\"523\" data-end=\"693\">https:\/\/www.aepd.es\/derechos-y-deberes\/conoce-tus-derechos\/derecho-de-rectificacion<\/a><\/p>\r\n<\/li>\r\n<li data-start=\"696\" data-end=\"897\">\r\n<p data-start=\"698\" data-end=\"897\"><strong data-start=\"698\" data-end=\"712\">Supresi\u00f3n:<\/strong> <a class=\"decorated-link cursor-pointer\" target=\"_new\" rel=\"noopener\" data-start=\"713\" data-end=\"895\">https:\/\/www.aepd.es\/derechos-y-deberes\/conoce-tus-derechos\/derecho-de-supresion-al-olvido<\/a><\/p>\r\n<\/li>\r\n<li data-start=\"898\" data-end=\"1079\">\r\n<p data-start=\"900\" data-end=\"1079\"><strong data-start=\"900\" data-end=\"914\">Oposici\u00f3n:<\/strong> <a class=\"decorated-link cursor-pointer\" target=\"_new\" rel=\"noopener\" data-start=\"915\" data-end=\"1077\">https:\/\/www.aepd.es\/derechos-y-deberes\/conoce-tus-derechos\/derecho-de-oposicion<\/a><\/p>\r\n<\/li>\r\n<li data-start=\"1080\" data-end=\"1270\">\r\n<p data-start=\"1082\" data-end=\"1270\"><strong data-start=\"1082\" data-end=\"1099\">Portabilidad:<\/strong> <a class=\"decorated-link cursor-pointer\" target=\"_new\" rel=\"noopener\" data-start=\"1100\" data-end=\"1268\">https:\/\/www.aepd.es\/derechos-y-deberes\/conoce-tus-derechos\/derecho-la-portabilidad<\/a><\/p>\r\n<\/li>\r\n<li data-start=\"1271\" data-end=\"1487\">\r\n<p data-start=\"1273\" data-end=\"1487\"><strong data-start=\"1273\" data-end=\"1288\">Limitaci\u00f3n:<\/strong> <a class=\"decorated-link cursor-pointer\" target=\"_new\" rel=\"noopener\" data-start=\"1289\" data-end=\"1485\">https:\/\/www.aepd.es\/derechos-y-deberes\/conoce-tus-derechos\/derecho-la-limitacion-del-tratamiento<\/a><\/p>\r\n<\/li>\r\n<li data-start=\"1488\" data-end=\"1755\">\r\n<p data-start=\"1490\" data-end=\"1755\"><strong data-start=\"1490\" data-end=\"1536\">No ser objeto de decisiones automatizadas:<\/strong> <a class=\"decorated-link cursor-pointer\" target=\"_new\" rel=\"noopener\" data-start=\"1537\" data-end=\"1755\">https:\/\/www.aepd.es\/derechos-y-deberes\/conoce-tus-derechos\/derecho-no-ser-objeto-de-decisiones-individuales<\/a><\/p>\r\n<\/li>\r\n<\/ul>\r\n<p data-start=\"1757\" data-end=\"1907\" data-is-last-node=\"\" data-is-only-node=\"\">Tambi\u00e9n puedes presentar una reclamaci\u00f3n ante la <strong data-start=\"1806\" data-end=\"1849\">Agencia Espa\u00f1ola de Protecci\u00f3n de Datos<\/strong>:<br data-start=\"1850\" data-end=\"1853\" \/>C\/ Jorge Juan, 6, 28001 \u2013 Madrid o en <strong data-start=\"1891\" data-end=\"1906\"><a class=\"decorated-link cursor-pointer\" rel=\"noopener\" data-start=\"1893\" data-end=\"1904\">dpd@agpd.es<\/a><\/strong>.<\/p>\r\n<p data-start=\"1757\" data-end=\"1907\" data-is-last-node=\"\" data-is-only-node=\"\">\u00a0<\/p>\r\n<p data-start=\"1757\" data-end=\"1907\" data-is-last-node=\"\" data-is-only-node=\"\">\u00a0<\/p>\r\n<h3 class=\"wp-block-heading\" data-start=\"4607\" data-end=\"4634\"><strong data-start=\"4611\" data-end=\"4634\">POL\u00cdTICA DE COOKIES<\/strong><\/h3>\r\n<p><strong>POL\u00cdTICA DE COOKIES<\/strong><\/p>\r\n<p><strong>Antes de empezar, \u00bfqu\u00e9 es una cookie? \u00bfQu\u00e9 tipos de cookies existen?<\/strong><br \/>Una cookie es un peque\u00f1o archivo de texto que los sitios web instalan en el dispositivo del usuario. Sirve para facilitar la navegaci\u00f3n, realizar an\u00e1lisis estad\u00edsticos o mostrar publicidad personalizada.<\/p>\r\n<p><strong>Tipos de cookies:<\/strong><\/p>\r\n<ul>\r\n<li>\r\n<p><strong>Seg\u00fan la entidad:<\/strong> propias y de terceros<\/p>\r\n<\/li>\r\n<li>\r\n<p><strong>Seg\u00fan el tiempo:<\/strong> de sesi\u00f3n y persistentes<\/p>\r\n<\/li>\r\n<li>\r\n<p><strong>Seg\u00fan la finalidad:<\/strong> t\u00e9cnicas, de personalizaci\u00f3n, anal\u00edticas y publicitarias<\/p>\r\n<\/li>\r\n<\/ul>\r\n<p><strong>\u00bfQu\u00e9 cookies utilizamos?<\/strong><br \/>En la siguiente tabla se explican algunas de las cookies que utilizamos y su finalidad:<\/p>\r\n<table>\r\n<thead>\r\n<tr>\r\n<th>Nombre<\/th>\r\n<th>Funci\u00f3n<\/th>\r\n<th>Titular<\/th>\r\n<th>Dominio<\/th>\r\n<th>Duraci\u00f3n<\/th>\r\n<\/tr>\r\n<\/thead>\r\n<tbody>\r\n<tr>\r\n<td>_ga_781Q14ZCHX<\/td>\r\n<td>An\u00e1lisis o medici\u00f3n<\/td>\r\n<td>Google<\/td>\r\n<td>urban.mcadvertising.net<\/td>\r\n<td>729 d\u00edas<\/td>\r\n<\/tr>\r\n<tr>\r\n<td>_ga<\/td>\r\n<td>An\u00e1lisis o medici\u00f3n<\/td>\r\n<td>Google<\/td>\r\n<td>urban.mcadvertising.net<\/td>\r\n<td>729 d\u00edas<\/td>\r\n<\/tr>\r\n<tr>\r\n<td>MUID<\/td>\r\n<td>Publicidad comportamental<\/td>\r\n<td>Microsoft<\/td>\r\n<td>clarity.ms<\/td>\r\n<td>389 d\u00edas<\/td>\r\n<\/tr>\r\n<tr>\r\n<td>SRM_B<\/td>\r\n<td>Publicidad comportamental<\/td>\r\n<td>Adform<\/td>\r\n<td>c.bing.com<\/td>\r\n<td>389 d\u00edas<\/td>\r\n<\/tr>\r\n<tr>\r\n<td>_vwo_uuid_v2<\/td>\r\n<td>Estrictamente necesaria<\/td>\r\n<td>Visual Website Optimizer<\/td>\r\n<td>urban.mcadvertising.net<\/td>\r\n<td>365 d\u00edas<\/td>\r\n<\/tr>\r\n<tr>\r\n<td>cb_user_id<\/td>\r\n<td>Publicidad comportamental<\/td>\r\n<td>PowerLinks<\/td>\r\n<td>urban.mcadvertising.net<\/td>\r\n<td>364 d\u00edas<\/td>\r\n<\/tr>\r\n<tr>\r\n<td>cb_group_id<\/td>\r\n<td>An\u00e1lisis o medici\u00f3n<\/td>\r\n<td>Trustpilot<\/td>\r\n<td>urban.mcadvertising.net<\/td>\r\n<td>364 d\u00edas<\/td>\r\n<\/tr>\r\n<tr>\r\n<td>_clck<\/td>\r\n<td>An\u00e1lisis o medici\u00f3n<\/td>\r\n<td>Microsoft<\/td>\r\n<td>urban.mcadvertising.net<\/td>\r\n<td>364 d\u00edas<\/td>\r\n<\/tr>\r\n<tr>\r\n<td>li_gc<\/td>\r\n<td>Estrictamente necesaria<\/td>\r\n<td>LinkedIn<\/td>\r\n<td>linkedin.com<\/td>\r\n<td>179 d\u00edas<\/td>\r\n<\/tr>\r\n<tr>\r\n<td>_gcl_au<\/td>\r\n<td>Publicidad comportamental<\/td>\r\n<td>Google<\/td>\r\n<td>urban.mcadvertising.net<\/td>\r\n<td>89 d\u00edas<\/td>\r\n<\/tr>\r\n<tr>\r\n<td>lidc<\/td>\r\n<td>Publicidad comportamental<\/td>\r\n<td>LinkedIn<\/td>\r\n<td>linkedin.com<\/td>\r\n<td>23 horas<\/td>\r\n<\/tr>\r\n<tr>\r\n<td>_gid<\/td>\r\n<td>An\u00e1lisis o medici\u00f3n<\/td>\r\n<td>Google<\/td>\r\n<td>urban.mcadvertising.net<\/td>\r\n<td>23 horas<\/td>\r\n<\/tr>\r\n<tr>\r\n<td>_gat_UA-174196766-1<\/td>\r\n<td>An\u00e1lisis o medici\u00f3n<\/td>\r\n<td>Google<\/td>\r\n<td>urban.mcadvertising.net<\/td>\r\n<td>41 segundos<\/td>\r\n<\/tr>\r\n<\/tbody>\r\n<\/table>\r\n<p>&nbsp;<\/p>\r\n<p><strong>Eliminar las cookies<\/strong><br \/>Puedes configurar o eliminar las cookies desde tu navegador:<\/p>\r\n<ul>\r\n<li>\r\n<p>Google Chrome<\/p>\r\n<\/li>\r\n<li>\r\n<p>Microsoft Edge<\/p>\r\n<\/li>\r\n<li>\r\n<p>Mozilla Firefox<\/p>\r\n<\/li>\r\n<li>\r\n<p>Internet Explorer<\/p>\r\n<\/li>\r\n<li>\r\n<p>Opera<\/p>\r\n<\/li>\r\n<li>\r\n<p>Safari<\/p>\r\n<\/li>\r\n<\/ul>\r\n<p>Este sitio web utiliza <strong>Google Consent Mode v2<\/strong> para gestionar los consentimientos.<br \/>M\u00e1s informaci\u00f3n: <a href=\"https:\/\/business.safety.google\/privacy\">https:\/\/business.safety.google\/privacy<\/a><\/p>\r\n<hr \/>\r\n<p><strong>Cambios en la Pol\u00edtica de Privacidad y de Cookies<\/strong><br \/>Esta Pol\u00edtica de Privacidad y de Cookies fue actualizada por \u00faltima vez el <strong>11\/02\/2025<\/strong>.<br \/><strong>PUBLICITAT MONTSENY SL<\/strong> se reserva el derecho a modificarla para adaptarla a cambios legislativos o jurisprudenciales. Te recomendamos revisarla peri\u00f3dicamente.<\/p>\r\n","protected":false},"excerpt":{"rendered":"<p>Informaci\u00f3n generalEsta Pol\u00edtica de Privacidad y de Cookies es aplicable a todos los datos de car\u00e1cter personal que t\u00fa, como usuario (se entiende por usuario toda persona f\u00edsica que acceda&hellip;<\/p>\n","protected":false},"author":1,"featured_media":0,"parent":0,"menu_order":0,"comment_status":"closed","ping_status":"closed","template":"","meta":{"footnotes":""},"class_list":["post-1538","page","type-page","status-publish","hentry"],"yoast_head":"<!-- This site is optimized with the Yoast SEO plugin v26.9 - https:\/\/yoast.com\/product\/yoast-seo-wordpress\/ -->\n<title>Pol\u00edtica de Privacidad - MC Urban - Publicitat Exterior<\/title>\n<meta name=\"robots\" content=\"index, follow, max-snippet:-1, max-image-preview:large, max-video-preview:-1\" \/>\n<link rel=\"canonical\" href=\"https:\/\/mcurban.net\/es\/politica-de-privacidad\/\" \/>\n<meta property=\"og:locale\" content=\"es_ES\" \/>\n<meta property=\"og:type\" content=\"article\" \/>\n<meta property=\"og:title\" content=\"Pol\u00edtica de Privacidad - MC Urban - Publicitat Exterior\" \/>\n<meta property=\"og:description\" content=\"Informaci\u00f3n generalEsta Pol\u00edtica de Privacidad y de Cookies es aplicable a todos los datos de car\u00e1cter personal que t\u00fa, como usuario (se entiende por usuario toda persona f\u00edsica que acceda&hellip;\" \/>\n<meta property=\"og:url\" content=\"https:\/\/mcurban.net\/es\/politica-de-privacidad\/\" \/>\n<meta property=\"og:site_name\" content=\"MC Urban - Publicitat Exterior\" \/>\n<meta property=\"article:modified_time\" content=\"2025-10-06T09:46:56+00:00\" \/>\n<meta name=\"twitter:card\" content=\"summary_large_image\" \/>\n<meta name=\"twitter:label1\" content=\"Tiempo de lectura\" \/>\n\t<meta name=\"twitter:data1\" content=\"5 minutos\" \/>\n<script type=\"application\/ld+json\" class=\"yoast-schema-graph\">{\"@context\":\"https:\/\/schema.org\",\"@graph\":[{\"@type\":\"WebPage\",\"@id\":\"https:\/\/mcurban.net\/es\/politica-de-privacidad\/\",\"url\":\"https:\/\/mcurban.net\/es\/politica-de-privacidad\/\",\"name\":\"Pol\u00edtica de Privacidad - MC Urban - Publicitat Exterior\",\"isPartOf\":{\"@id\":\"https:\/\/mcurban.net\/es\/#website\"},\"datePublished\":\"2025-04-03T20:58:46+00:00\",\"dateModified\":\"2025-10-06T09:46:56+00:00\",\"breadcrumb\":{\"@id\":\"https:\/\/mcurban.net\/es\/politica-de-privacidad\/#breadcrumb\"},\"inLanguage\":\"es\",\"potentialAction\":[{\"@type\":\"ReadAction\",\"target\":[\"https:\/\/mcurban.net\/es\/politica-de-privacidad\/\"]}]},{\"@type\":\"BreadcrumbList\",\"@id\":\"https:\/\/mcurban.net\/es\/politica-de-privacidad\/#breadcrumb\",\"itemListElement\":[{\"@type\":\"ListItem\",\"position\":1,\"name\":\"Portada\",\"item\":\"https:\/\/mcurban.net\/es\/\"},{\"@type\":\"ListItem\",\"position\":2,\"name\":\"Pol\u00edtica de Privacidad\"}]},{\"@type\":\"WebSite\",\"@id\":\"https:\/\/mcurban.net\/es\/#website\",\"url\":\"https:\/\/mcurban.net\/es\/\",\"name\":\"MC Urban - Publicitat Exterior\",\"description\":\"Portem la teva marca al carrer amb solucions publicit\u00e0ries d\u2019alt impacte en autobusos i suports exteriors arreu del territori.\",\"publisher\":{\"@id\":\"https:\/\/mcurban.net\/es\/#organization\"},\"potentialAction\":[{\"@type\":\"SearchAction\",\"target\":{\"@type\":\"EntryPoint\",\"urlTemplate\":\"https:\/\/mcurban.net\/es\/?s={search_term_string}\"},\"query-input\":{\"@type\":\"PropertyValueSpecification\",\"valueRequired\":true,\"valueName\":\"search_term_string\"}}],\"inLanguage\":\"es\"},{\"@type\":\"Organization\",\"@id\":\"https:\/\/mcurban.net\/es\/#organization\",\"name\":\"MC Urban - Publicitat Exterior\",\"url\":\"https:\/\/mcurban.net\/es\/\",\"logo\":{\"@type\":\"ImageObject\",\"inLanguage\":\"es\",\"@id\":\"https:\/\/mcurban.net\/es\/#\/schema\/logo\/image\/\",\"url\":\"https:\/\/mcurban.net\/wp-content\/uploads\/2025\/04\/Logo-Vermell.png\",\"contentUrl\":\"https:\/\/mcurban.net\/wp-content\/uploads\/2025\/04\/Logo-Vermell.png\",\"width\":3092,\"height\":740,\"caption\":\"MC Urban - Publicitat Exterior\"},\"image\":{\"@id\":\"https:\/\/mcurban.net\/es\/#\/schema\/logo\/image\/\"},\"sameAs\":[\"https:\/\/www.instagram.com\/mc__urban\/\",\"https:\/\/www.linkedin.com\/showcase\/mc-urban\/\"]}]}<\/script>\n<!-- \/ Yoast SEO plugin. -->","yoast_head_json":{"title":"Pol\u00edtica de Privacidad - MC Urban - Publicitat Exterior","robots":{"index":"index","follow":"follow","max-snippet":"max-snippet:-1","max-image-preview":"max-image-preview:large","max-video-preview":"max-video-preview:-1"},"canonical":"https:\/\/mcurban.net\/es\/politica-de-privacidad\/","og_locale":"es_ES","og_type":"article","og_title":"Pol\u00edtica de Privacidad - MC Urban - Publicitat Exterior","og_description":"Informaci\u00f3n generalEsta Pol\u00edtica de Privacidad y de Cookies es aplicable a todos los datos de car\u00e1cter personal que t\u00fa, como usuario (se entiende por usuario toda persona f\u00edsica que acceda&hellip;","og_url":"https:\/\/mcurban.net\/es\/politica-de-privacidad\/","og_site_name":"MC Urban - Publicitat Exterior","article_modified_time":"2025-10-06T09:46:56+00:00","twitter_card":"summary_large_image","twitter_misc":{"Tiempo de lectura":"5 minutos"},"schema":{"@context":"https:\/\/schema.org","@graph":[{"@type":"WebPage","@id":"https:\/\/mcurban.net\/es\/politica-de-privacidad\/","url":"https:\/\/mcurban.net\/es\/politica-de-privacidad\/","name":"Pol\u00edtica de Privacidad - MC Urban - Publicitat Exterior","isPartOf":{"@id":"https:\/\/mcurban.net\/es\/#website"},"datePublished":"2025-04-03T20:58:46+00:00","dateModified":"2025-10-06T09:46:56+00:00","breadcrumb":{"@id":"https:\/\/mcurban.net\/es\/politica-de-privacidad\/#breadcrumb"},"inLanguage":"es","potentialAction":[{"@type":"ReadAction","target":["https:\/\/mcurban.net\/es\/politica-de-privacidad\/"]}]},{"@type":"BreadcrumbList","@id":"https:\/\/mcurban.net\/es\/politica-de-privacidad\/#breadcrumb","itemListElement":[{"@type":"ListItem","position":1,"name":"Portada","item":"https:\/\/mcurban.net\/es\/"},{"@type":"ListItem","position":2,"name":"Pol\u00edtica de Privacidad"}]},{"@type":"WebSite","@id":"https:\/\/mcurban.net\/es\/#website","url":"https:\/\/mcurban.net\/es\/","name":"MC Urban - Publicitat Exterior","description":"Portem la teva marca al carrer amb solucions publicit\u00e0ries d\u2019alt impacte en autobusos i suports exteriors arreu del territori.","publisher":{"@id":"https:\/\/mcurban.net\/es\/#organization"},"potentialAction":[{"@type":"SearchAction","target":{"@type":"EntryPoint","urlTemplate":"https:\/\/mcurban.net\/es\/?s={search_term_string}"},"query-input":{"@type":"PropertyValueSpecification","valueRequired":true,"valueName":"search_term_string"}}],"inLanguage":"es"},{"@type":"Organization","@id":"https:\/\/mcurban.net\/es\/#organization","name":"MC Urban - Publicitat Exterior","url":"https:\/\/mcurban.net\/es\/","logo":{"@type":"ImageObject","inLanguage":"es","@id":"https:\/\/mcurban.net\/es\/#\/schema\/logo\/image\/","url":"https:\/\/mcurban.net\/wp-content\/uploads\/2025\/04\/Logo-Vermell.png","contentUrl":"https:\/\/mcurban.net\/wp-content\/uploads\/2025\/04\/Logo-Vermell.png","width":3092,"height":740,"caption":"MC Urban - Publicitat Exterior"},"image":{"@id":"https:\/\/mcurban.net\/es\/#\/schema\/logo\/image\/"},"sameAs":["https:\/\/www.instagram.com\/mc__urban\/","https:\/\/www.linkedin.com\/showcase\/mc-urban\/"]}]}},"_links":{"self":[{"href":"https:\/\/mcurban.net\/es\/wp-json\/wp\/v2\/pages\/1538","targetHints":{"allow":["GET"]}}],"collection":[{"href":"https:\/\/mcurban.net\/es\/wp-json\/wp\/v2\/pages"}],"about":[{"href":"https:\/\/mcurban.net\/es\/wp-json\/wp\/v2\/types\/page"}],"author":[{"embeddable":true,"href":"https:\/\/mcurban.net\/es\/wp-json\/wp\/v2\/users\/1"}],"replies":[{"embeddable":true,"href":"https:\/\/mcurban.net\/es\/wp-json\/wp\/v2\/comments?post=1538"}],"version-history":[{"count":5,"href":"https:\/\/mcurban.net\/es\/wp-json\/wp\/v2\/pages\/1538\/revisions"}],"predecessor-version":[{"id":1564,"href":"https:\/\/mcurban.net\/es\/wp-json\/wp\/v2\/pages\/1538\/revisions\/1564"}],"wp:attachment":[{"href":"https:\/\/mcurban.net\/es\/wp-json\/wp\/v2\/media?parent=1538"}],"curies":[{"name":"wp","href":"https:\/\/api.w.org\/{rel}","templated":true}]}}